{"id":6441,"date":"2023-12-14T14:55:53","date_gmt":"2023-12-14T17:55:53","guid":{"rendered":"https:\/\/passionalatable.com.br\/?post_type=product&#038;p=6441"},"modified":"2023-12-14T14:55:53","modified_gmt":"2023-12-14T17:55:53","slug":"guardanapo-verde-escuro","status":"publish","type":"product","link":"https:\/\/passionalatable.com.br\/?product=guardanapo-verde-escuro","title":{"rendered":"Guardanapo verde escuro"},"content":{"rendered":"<p>Guardanapo em tricoline verde, com acabamento em ponto ajour<\/p>\n<p>Tecido 100 % algod\u00e3o<\/p>\n<p>Dimens\u00f5es 45 cm x 45 cm<\/p>\n<p>N\u00e3o usar alvejantes, usar sab\u00e3o neutro, n\u00e3o deixar de molho<\/p>\n","protected":false},"excerpt":{"rendered":"<p><a href=\"https:\/\/passionalatable.com.br\/wp-content\/uploads\/2023\/12\/1080x1080-px-31.png\"><img loading=\"lazy\" decoding=\"async\" class=\"alignnone size-medium wp-image-6329\" src=\"https:\/\/passionalatable.com.br\/wp-content\/uploads\/2023\/12\/1080x1080-px-31-330x330.png\" alt=\"\" width=\"330\" height=\"330\" \/><\/a><\/p>\n","protected":false},"featured_media":6329,"template":"","meta":[],"class_list":{"0":"post-6441","1":"product","2":"type-product","3":"status-publish","4":"has-post-thumbnail","6":"product_cat-guardanapos","9":"instock","10":"taxable","11":"shipping-taxable","12":"purchasable","13":"product-type-simple"},"_links":{"self":[{"href":"https:\/\/passionalatable.com.br\/index.php?rest_route=\/wp\/v2\/product\/6441","targetHints":{"allow":["GET"]}}],"collection":[{"href":"https:\/\/passionalatable.com.br\/index.php?rest_route=\/wp\/v2\/product"}],"about":[{"href":"https:\/\/passionalatable.com.br\/index.php?rest_route=\/wp\/v2\/types\/product"}],"wp:featuredmedia":[{"embeddable":true,"href":"https:\/\/passionalatable.com.br\/index.php?rest_route=\/wp\/v2\/media\/6329"}],"wp:attachment":[{"href":"https:\/\/passionalatable.com.br\/index.php?rest_route=%2Fwp%2Fv2%2Fmedia&parent=6441"}],"curies":[{"name":"wp","href":"https:\/\/api.w.org\/{rel}","templated":true}]}}