{"id":6433,"date":"2023-12-14T14:11:50","date_gmt":"2023-12-14T17:11:50","guid":{"rendered":"https:\/\/passionalatable.com.br\/?post_type=product&#038;p=6433"},"modified":"2023-12-14T14:13:47","modified_gmt":"2023-12-14T17:13:47","slug":"jogo-americano-sisal","status":"publish","type":"product","link":"https:\/\/passionalatable.com.br\/?product=jogo-americano-sisal","title":{"rendered":"Jogo americano sisal"},"content":{"rendered":"<p>Jogo americano redondo de sisal<\/p>\n<p>Diametro: 40 cm<\/p>\n<p>N\u00e3o lavar com agua e sab\u00e3o, limpar com pano \u00famido e sab\u00e3o neutro.<\/p>\n","protected":false},"excerpt":{"rendered":"<p><a href=\"https:\/\/passionalatable.com.br\/wp-content\/uploads\/2023\/12\/1080x1080-px-68.png\"><img loading=\"lazy\" decoding=\"async\" class=\"alignnone size-medium wp-image-6293\" src=\"https:\/\/passionalatable.com.br\/wp-content\/uploads\/2023\/12\/1080x1080-px-68-330x330.png\" alt=\"\" width=\"330\" height=\"330\" \/><\/a><\/p>\n","protected":false},"featured_media":6221,"template":"","meta":[],"class_list":{"0":"post-6433","1":"product","2":"type-product","3":"status-publish","4":"has-post-thumbnail","6":"product_cat-jogo-americano","9":"instock","10":"taxable","11":"shipping-taxable","12":"purchasable","13":"product-type-simple"},"_links":{"self":[{"href":"https:\/\/passionalatable.com.br\/index.php?rest_route=\/wp\/v2\/product\/6433","targetHints":{"allow":["GET"]}}],"collection":[{"href":"https:\/\/passionalatable.com.br\/index.php?rest_route=\/wp\/v2\/product"}],"about":[{"href":"https:\/\/passionalatable.com.br\/index.php?rest_route=\/wp\/v2\/types\/product"}],"wp:featuredmedia":[{"embeddable":true,"href":"https:\/\/passionalatable.com.br\/index.php?rest_route=\/wp\/v2\/media\/6221"}],"wp:attachment":[{"href":"https:\/\/passionalatable.com.br\/index.php?rest_route=%2Fwp%2Fv2%2Fmedia&parent=6433"}],"curies":[{"name":"wp","href":"https:\/\/api.w.org\/{rel}","templated":true}]}}