{"id":6432,"date":"2023-12-14T14:06:25","date_gmt":"2023-12-14T17:06:25","guid":{"rendered":"https:\/\/passionalatable.com.br\/?post_type=product&#038;p=6432"},"modified":"2023-12-14T14:06:25","modified_gmt":"2023-12-14T17:06:25","slug":"jogo-americano-palha","status":"publish","type":"product","link":"https:\/\/passionalatable.com.br\/?product=jogo-americano-palha","title":{"rendered":"Jogo americano palha"},"content":{"rendered":"<p>Jogo americano palha, redondo, 40 cm de diametro.<\/p>\n<p>N\u00e3o lavar, limpar com pano \u00famido e sab\u00e3o neutro<\/p>\n","protected":false},"excerpt":{"rendered":"<p><a href=\"https:\/\/passionalatable.com.br\/wp-content\/uploads\/2023\/12\/1080x1080-px-33.png\"><img loading=\"lazy\" decoding=\"async\" class=\"alignnone size-medium wp-image-6327\" src=\"https:\/\/passionalatable.com.br\/wp-content\/uploads\/2023\/12\/1080x1080-px-33-330x330.png\" alt=\"\" width=\"330\" height=\"330\" \/><\/a><\/p>\n","protected":false},"featured_media":6327,"template":"","meta":[],"class_list":{"0":"post-6432","1":"product","2":"type-product","3":"status-publish","4":"has-post-thumbnail","6":"product_cat-jogo-americano","9":"instock","10":"taxable","11":"shipping-taxable","12":"purchasable","13":"product-type-simple"},"_links":{"self":[{"href":"https:\/\/passionalatable.com.br\/index.php?rest_route=\/wp\/v2\/product\/6432","targetHints":{"allow":["GET"]}}],"collection":[{"href":"https:\/\/passionalatable.com.br\/index.php?rest_route=\/wp\/v2\/product"}],"about":[{"href":"https:\/\/passionalatable.com.br\/index.php?rest_route=\/wp\/v2\/types\/product"}],"wp:featuredmedia":[{"embeddable":true,"href":"https:\/\/passionalatable.com.br\/index.php?rest_route=\/wp\/v2\/media\/6327"}],"wp:attachment":[{"href":"https:\/\/passionalatable.com.br\/index.php?rest_route=%2Fwp%2Fv2%2Fmedia&parent=6432"}],"curies":[{"name":"wp","href":"https:\/\/api.w.org\/{rel}","templated":true}]}}