{"id":6376,"date":"2023-12-05T19:27:49","date_gmt":"2023-12-05T22:27:49","guid":{"rendered":"https:\/\/passionalatable.com.br\/?post_type=product&#038;p=6376"},"modified":"2023-12-05T19:28:15","modified_gmt":"2023-12-05T22:28:15","slug":"kit-xadrez-bege","status":"publish","type":"product","link":"https:\/\/passionalatable.com.br\/?product=kit-xadrez-bege","title":{"rendered":"kit xadrez bege"},"content":{"rendered":"<p>&nbsp;<\/p>\n<p>Kit 4 jogos americanos, dupla face, estampa xadrez e bege liso.<\/p>\n<p>Tecido semi imperme\u00e1vel<\/p>\n<p>Composi\u00e7\u00e3o Poli\u00e9ster e algod\u00e3o<\/p>\n<p>N\u00e3o usar alvejantes e altas temperaturas<\/p>\n","protected":false},"excerpt":{"rendered":"<p><a href=\"https:\/\/passionalatable.com.br\/wp-content\/uploads\/2023\/12\/1080x1080-px-38.png\"><img loading=\"lazy\" decoding=\"async\" class=\"alignnone size-medium wp-image-6322\" src=\"https:\/\/passionalatable.com.br\/wp-content\/uploads\/2023\/12\/1080x1080-px-38-330x330.png\" alt=\"\" width=\"330\" height=\"330\" \/><\/a><\/p>\n","protected":false},"featured_media":6322,"template":"","meta":[],"class_list":{"0":"post-6376","1":"product","2":"type-product","3":"status-publish","4":"has-post-thumbnail","6":"product_cat-outlet","7":"product_cat-kit","10":"instock","11":"sale","12":"taxable","13":"shipping-taxable","14":"purchasable","15":"product-type-simple"},"_links":{"self":[{"href":"https:\/\/passionalatable.com.br\/index.php?rest_route=\/wp\/v2\/product\/6376","targetHints":{"allow":["GET"]}}],"collection":[{"href":"https:\/\/passionalatable.com.br\/index.php?rest_route=\/wp\/v2\/product"}],"about":[{"href":"https:\/\/passionalatable.com.br\/index.php?rest_route=\/wp\/v2\/types\/product"}],"wp:featuredmedia":[{"embeddable":true,"href":"https:\/\/passionalatable.com.br\/index.php?rest_route=\/wp\/v2\/media\/6322"}],"wp:attachment":[{"href":"https:\/\/passionalatable.com.br\/index.php?rest_route=%2Fwp%2Fv2%2Fmedia&parent=6376"}],"curies":[{"name":"wp","href":"https:\/\/api.w.org\/{rel}","templated":true}]}}