{"id":6366,"date":"2023-12-05T18:38:40","date_gmt":"2023-12-05T21:38:40","guid":{"rendered":"https:\/\/passionalatable.com.br\/?post_type=product&#038;p=6366"},"modified":"2023-12-05T18:38:41","modified_gmt":"2023-12-05T21:38:41","slug":"jogo-americano-verde-com-limao-siciliano","status":"publish","type":"product","link":"https:\/\/passionalatable.com.br\/?product=jogo-americano-verde-com-limao-siciliano","title":{"rendered":"Jogo americano verde com lim\u00e3o siciliano"},"content":{"rendered":"<p>Jogo americano fibra imperme\u00e1vel, dupla face, verde liso e lim\u00e3o siciliano, com bicos bordados.<\/p>\n<p>&nbsp;<\/p>\n<p>Dimens\u00f5es 40 cm de diametro<\/p>\n<p>N\u00e3o colocar na m\u00e1quina de lavar<\/p>\n<p>N\u00e3o usar alvejantes<\/p>\n<p>Lavar com sab\u00e3o neutro<\/p>\n<p>&nbsp;<\/p>\n","protected":false},"excerpt":{"rendered":"<p>Jogo americano fibra imperme\u00e1vel, dupla face, verde liso e lim\u00e3o siciliano, com bicos bordados. &nbsp; Dimens\u00f5es 40 cm de diametro N\u00e3o colocar na m\u00e1quina de lavar N\u00e3o usar alvejantes Lavar com sab\u00e3o neutro &nbsp;<\/p>\n","protected":false},"featured_media":6346,"template":"","meta":[],"class_list":{"0":"post-6366","1":"product","2":"type-product","3":"status-publish","4":"has-post-thumbnail","6":"product_cat-jogo-americano","9":"instock","10":"taxable","11":"shipping-taxable","12":"purchasable","13":"product-type-simple"},"_links":{"self":[{"href":"https:\/\/passionalatable.com.br\/index.php?rest_route=\/wp\/v2\/product\/6366","targetHints":{"allow":["GET"]}}],"collection":[{"href":"https:\/\/passionalatable.com.br\/index.php?rest_route=\/wp\/v2\/product"}],"about":[{"href":"https:\/\/passionalatable.com.br\/index.php?rest_route=\/wp\/v2\/types\/product"}],"wp:featuredmedia":[{"embeddable":true,"href":"https:\/\/passionalatable.com.br\/index.php?rest_route=\/wp\/v2\/media\/6346"}],"wp:attachment":[{"href":"https:\/\/passionalatable.com.br\/index.php?rest_route=%2Fwp%2Fv2%2Fmedia&parent=6366"}],"curies":[{"name":"wp","href":"https:\/\/api.w.org\/{rel}","templated":true}]}}