{"id":6055,"date":"2021-11-01T17:00:00","date_gmt":"2021-11-01T20:00:00","guid":{"rendered":"https:\/\/passionalatable.com.br\/?post_type=product&#038;p=6055"},"modified":"2023-11-28T14:05:58","modified_gmt":"2023-11-28T17:05:58","slug":"jogo-americano-quebra-nozes","status":"publish","type":"product","link":"https:\/\/passionalatable.com.br\/?product=jogo-americano-quebra-nozes","title":{"rendered":"Jogo americano Quebra Nozes"},"content":{"rendered":"<p><a href=\"https:\/\/passionalatable.com.br\/wp-content\/uploads\/2021\/11\/PHOTO-2021-10-30-13-20-53-2.jpg\"><img loading=\"lazy\" decoding=\"async\" class=\"alignnone size-medium wp-image-6058\" src=\"https:\/\/passionalatable.com.br\/wp-content\/uploads\/2021\/11\/PHOTO-2021-10-30-13-20-53-2-248x330.jpg\" alt=\"\" width=\"248\" height=\"330\" \/><\/a><\/p>\n","protected":false},"excerpt":{"rendered":"<p>Jogo americano dupla face, estampa Quebra-nozes com xadrez verde vermelho.<\/p>\n<p>Dimens\u00f5es: 35 cm x 45 cm<\/p>\n<p>Tecido nylon 300 e oxfordine,\u00a0 100 % poli\u00e9ster<\/p>\n<p>N\u00e3o passar, n\u00e3o colocar na m\u00e1quina de lavar e secadora.<\/p>\n<p>Usar sab\u00e3o neutro, n\u00e3o dobrar.<\/p>\n","protected":false},"featured_media":6058,"template":"","meta":[],"class_list":{"0":"post-6055","1":"product","2":"type-product","3":"status-publish","4":"has-post-thumbnail","6":"product_cat-jogo-americano","9":"instock","10":"taxable","11":"shipping-taxable","12":"purchasable","13":"product-type-simple"},"_links":{"self":[{"href":"https:\/\/passionalatable.com.br\/index.php?rest_route=\/wp\/v2\/product\/6055","targetHints":{"allow":["GET"]}}],"collection":[{"href":"https:\/\/passionalatable.com.br\/index.php?rest_route=\/wp\/v2\/product"}],"about":[{"href":"https:\/\/passionalatable.com.br\/index.php?rest_route=\/wp\/v2\/types\/product"}],"wp:featuredmedia":[{"embeddable":true,"href":"https:\/\/passionalatable.com.br\/index.php?rest_route=\/wp\/v2\/media\/6058"}],"wp:attachment":[{"href":"https:\/\/passionalatable.com.br\/index.php?rest_route=%2Fwp%2Fv2%2Fmedia&parent=6055"}],"curies":[{"name":"wp","href":"https:\/\/api.w.org\/{rel}","templated":true}]}}