{"id":5975,"date":"2021-10-27T15:51:18","date_gmt":"2021-10-27T18:51:18","guid":{"rendered":"https:\/\/passionalatable.com.br\/?post_type=product&#038;p=5975"},"modified":"2023-11-28T14:10:04","modified_gmt":"2023-11-28T17:10:04","slug":"jogo-americano-verde-oliva","status":"publish","type":"product","link":"https:\/\/passionalatable.com.br\/?product=jogo-americano-verde-oliva","title":{"rendered":"Jogo americano verde oliva"},"content":{"rendered":"<p><a href=\"https:\/\/passionalatable.com.br\/wp-content\/uploads\/2021\/10\/08EDD3B5-7A96-445F-B2C0-696105D59AB0.jpeg\"><img loading=\"lazy\" decoding=\"async\" class=\"alignnone size-medium wp-image-5976\" src=\"https:\/\/passionalatable.com.br\/wp-content\/uploads\/2021\/10\/08EDD3B5-7A96-445F-B2C0-696105D59AB0-247x330.jpeg\" alt=\"\" width=\"247\" height=\"330\" \/><\/a><\/p>\n","protected":false},"excerpt":{"rendered":"<p>Jogo americano em fibra poli\u00e9ster, imperme\u00e1vel, cor verde oliva com bordado coral.<\/p>\n<p>Tecido 100 % poli\u00e9ster<\/p>\n<p>Dimens\u00f5es 40 cm\u00a0 de di\u00e2metro<\/p>\n<p>N\u00e3o submeter a altas temperatura e centrifuga\u00e7\u00e3o<\/p>\n","protected":false},"featured_media":5976,"template":"","meta":[],"class_list":{"0":"post-5975","1":"product","2":"type-product","3":"status-publish","4":"has-post-thumbnail","6":"product_cat-jogo-americano","9":"onbackorder","10":"taxable","11":"shipping-taxable","12":"purchasable","13":"product-type-simple"},"_links":{"self":[{"href":"https:\/\/passionalatable.com.br\/index.php?rest_route=\/wp\/v2\/product\/5975","targetHints":{"allow":["GET"]}}],"collection":[{"href":"https:\/\/passionalatable.com.br\/index.php?rest_route=\/wp\/v2\/product"}],"about":[{"href":"https:\/\/passionalatable.com.br\/index.php?rest_route=\/wp\/v2\/types\/product"}],"wp:featuredmedia":[{"embeddable":true,"href":"https:\/\/passionalatable.com.br\/index.php?rest_route=\/wp\/v2\/media\/5976"}],"wp:attachment":[{"href":"https:\/\/passionalatable.com.br\/index.php?rest_route=%2Fwp%2Fv2%2Fmedia&parent=5975"}],"curies":[{"name":"wp","href":"https:\/\/api.w.org\/{rel}","templated":true}]}}