{"id":3186,"date":"2021-10-03T11:05:14","date_gmt":"2021-10-03T14:05:14","guid":{"rendered":"https:\/\/passionalatable.com.br\/mesaposta\/?post_type=product&#038;p=3186"},"modified":"2022-11-23T14:44:04","modified_gmt":"2022-11-23T17:44:04","slug":"jogo-americano-azul-marinho-guirlanda","status":"publish","type":"product","link":"https:\/\/passionalatable.com.br\/?product=jogo-americano-azul-marinho-guirlanda","title":{"rendered":"Jogo americano azul marinho guirlanda"},"content":{"rendered":"<p><img loading=\"lazy\" decoding=\"async\" class=\"alignnone size-full wp-image-5867\" src=\"https:\/\/passionalatable.com.br\/wp-content\/uploads\/2021\/02\/IMG_4508.jpg\" alt=\"\" width=\"720\" height=\"1280\" \/><\/p>\n","protected":false},"excerpt":{"rendered":"<p>Jogo americano em fibra poli\u00e9ster, bordado guirlanda.<\/p>\n<p>Diametro 40 cm<\/p>\n<p>N\u00e3o dobrar, n\u00e3o submeter a altas temperaturas, n\u00e3o usar alvejantes<\/p>\n","protected":false},"featured_media":3250,"template":"","meta":[],"class_list":{"0":"post-3186","1":"product","2":"type-product","3":"status-publish","4":"has-post-thumbnail","6":"product_cat-jogo-americano","9":"onbackorder","10":"taxable","11":"shipping-taxable","12":"purchasable","13":"product-type-simple"},"_links":{"self":[{"href":"https:\/\/passionalatable.com.br\/index.php?rest_route=\/wp\/v2\/product\/3186","targetHints":{"allow":["GET"]}}],"collection":[{"href":"https:\/\/passionalatable.com.br\/index.php?rest_route=\/wp\/v2\/product"}],"about":[{"href":"https:\/\/passionalatable.com.br\/index.php?rest_route=\/wp\/v2\/types\/product"}],"wp:featuredmedia":[{"embeddable":true,"href":"https:\/\/passionalatable.com.br\/index.php?rest_route=\/wp\/v2\/media\/3250"}],"wp:attachment":[{"href":"https:\/\/passionalatable.com.br\/index.php?rest_route=%2Fwp%2Fv2%2Fmedia&parent=3186"}],"curies":[{"name":"wp","href":"https:\/\/api.w.org\/{rel}","templated":true}]}}