{"id":3135,"date":"2021-10-03T11:04:29","date_gmt":"2021-10-03T14:04:29","guid":{"rendered":"https:\/\/passionalatable.com.br\/mesaposta\/?post_type=product&#038;p=3135"},"modified":"2023-11-29T19:14:59","modified_gmt":"2023-11-29T22:14:59","slug":"guardanapo-tie-dye","status":"publish","type":"product","link":"https:\/\/passionalatable.com.br\/?product=guardanapo-tie-dye","title":{"rendered":"Guardanapo tie dye"},"content":{"rendered":"<p><img loading=\"lazy\" decoding=\"async\" class=\"alignnone size-full wp-image-5745\" src=\"https:\/\/passionalatable.com.br\/wp-content\/uploads\/2020\/07\/c587478b-8b4c-4659-a89c-b4c7147952e4.jpg\" alt=\"\" width=\"720\" height=\"1280\" \/><\/p>\n","protected":false},"excerpt":{"rendered":"<p>Guardanapo em percal 200 fios, tingido manualmente, processo artesanal<\/p>\n<p>Tecido 100 % algod\u00e3o<\/p>\n<p>Dimens\u00f5es 37,5 cm x 47,5 cm<\/p>\n<p>Lavar em \u00e1gua em temperatura ambiente. N\u00e3o expor a alvejante. N\u00e3o utilizar secadora.<\/p>\n","protected":false},"featured_media":3198,"template":"","meta":[],"class_list":{"0":"post-3135","1":"product","2":"type-product","3":"status-publish","4":"has-post-thumbnail","6":"product_cat-guardanapos","9":"instock","10":"sale","11":"taxable","12":"shipping-taxable","13":"purchasable","14":"product-type-simple"},"_links":{"self":[{"href":"https:\/\/passionalatable.com.br\/index.php?rest_route=\/wp\/v2\/product\/3135","targetHints":{"allow":["GET"]}}],"collection":[{"href":"https:\/\/passionalatable.com.br\/index.php?rest_route=\/wp\/v2\/product"}],"about":[{"href":"https:\/\/passionalatable.com.br\/index.php?rest_route=\/wp\/v2\/types\/product"}],"wp:featuredmedia":[{"embeddable":true,"href":"https:\/\/passionalatable.com.br\/index.php?rest_route=\/wp\/v2\/media\/3198"}],"wp:attachment":[{"href":"https:\/\/passionalatable.com.br\/index.php?rest_route=%2Fwp%2Fv2%2Fmedia&parent=3135"}],"curies":[{"name":"wp","href":"https:\/\/api.w.org\/{rel}","templated":true}]}}