{"id":3071,"date":"2021-10-03T11:03:11","date_gmt":"2021-10-03T14:03:11","guid":{"rendered":"https:\/\/passionalatable.com.br\/mesaposta\/?post_type=product&#038;p=3071"},"modified":"2021-10-03T11:04:35","modified_gmt":"2021-10-03T14:04:35","slug":"guardanapo-vermelho","status":"publish","type":"product","link":"https:\/\/passionalatable.com.br\/?product=guardanapo-vermelho","title":{"rendered":"Guardanapo vermelho"},"content":{"rendered":"<p><img loading=\"lazy\" decoding=\"async\" class=\"alignnone size-full wp-image-5633\" src=\"https:\/\/passionalatable.com.br\/wp-content\/uploads\/2020\/05\/aeff4429-d1e1-4acd-8b6b-a73fa0f58bcc.jpg\" alt=\"\" width=\"738\" height=\"557\" \/><\/p>\n","protected":false},"excerpt":{"rendered":"<p>Guardanapo de algod\u00e3o vermelho<\/p>\n<p>Tecido 100 % algod\u00e3o<\/p>\n<p>Dimens\u00f5es 42 cm x 42 cm<\/p>\n<p>Usar sab\u00e3o neutro, n\u00e3o usar alvejantes, n\u00e3o submeter a altas temperaturas.<\/p>\n","protected":false},"featured_media":3144,"template":"","meta":[],"class_list":{"0":"post-3071","1":"product","2":"type-product","3":"status-publish","4":"has-post-thumbnail","6":"product_cat-guardanapos","9":"instock","10":"taxable","11":"shipping-taxable","12":"purchasable","13":"product-type-simple"},"_links":{"self":[{"href":"https:\/\/passionalatable.com.br\/index.php?rest_route=\/wp\/v2\/product\/3071","targetHints":{"allow":["GET"]}}],"collection":[{"href":"https:\/\/passionalatable.com.br\/index.php?rest_route=\/wp\/v2\/product"}],"about":[{"href":"https:\/\/passionalatable.com.br\/index.php?rest_route=\/wp\/v2\/types\/product"}],"wp:featuredmedia":[{"embeddable":true,"href":"https:\/\/passionalatable.com.br\/index.php?rest_route=\/wp\/v2\/media\/3144"}],"wp:attachment":[{"href":"https:\/\/passionalatable.com.br\/index.php?rest_route=%2Fwp%2Fv2%2Fmedia&parent=3071"}],"curies":[{"name":"wp","href":"https:\/\/api.w.org\/{rel}","templated":true}]}}