{"id":3011,"date":"2021-10-03T11:01:59","date_gmt":"2021-10-03T14:01:59","guid":{"rendered":"https:\/\/passionalatable.com.br\/mesaposta\/?post_type=product&#038;p=3011"},"modified":"2023-11-29T19:20:55","modified_gmt":"2023-11-29T22:20:55","slug":"jogo-americano-dupla-face-costela-de-adao","status":"publish","type":"product","link":"https:\/\/passionalatable.com.br\/?product=jogo-americano-dupla-face-costela-de-adao","title":{"rendered":"Jogo americano dupla face costela de ad\u00e3o"},"content":{"rendered":"<p><img loading=\"lazy\" decoding=\"async\" class=\"alignnone size-full wp-image-5542\" src=\"https:\/\/passionalatable.com.br\/wp-content\/uploads\/2020\/05\/aa0a2610-0726-4e34-bfd1-723edc11c4db.jpg\" alt=\"\" width=\"960\" height=\"1280\" \/><\/p>\n","protected":false},"excerpt":{"rendered":"<p>Jogo americano dupla face, estampa costela de Ad\u00e3o e verde liso.<\/p>\n<p>Dimens\u00f5es: 47,5 cm x 37,5 cm<\/p>\n<p>Tecido 100 % algod\u00e3o<\/p>\n<p>Instru\u00e7\u00f5es de Lavagem: N\u00e3o usar alvejantes e evitar passar com alta temperatura<\/p>\n","protected":false},"featured_media":3097,"template":"","meta":[],"class_list":{"0":"post-3011","1":"product","2":"type-product","3":"status-publish","4":"has-post-thumbnail","6":"product_cat-jogo-americano","9":"onbackorder","10":"taxable","11":"shipping-taxable","12":"purchasable","13":"product-type-simple"},"_links":{"self":[{"href":"https:\/\/passionalatable.com.br\/index.php?rest_route=\/wp\/v2\/product\/3011","targetHints":{"allow":["GET"]}}],"collection":[{"href":"https:\/\/passionalatable.com.br\/index.php?rest_route=\/wp\/v2\/product"}],"about":[{"href":"https:\/\/passionalatable.com.br\/index.php?rest_route=\/wp\/v2\/types\/product"}],"wp:featuredmedia":[{"embeddable":true,"href":"https:\/\/passionalatable.com.br\/index.php?rest_route=\/wp\/v2\/media\/3097"}],"wp:attachment":[{"href":"https:\/\/passionalatable.com.br\/index.php?rest_route=%2Fwp%2Fv2%2Fmedia&parent=3011"}],"curies":[{"name":"wp","href":"https:\/\/api.w.org\/{rel}","templated":true}]}}