{"id":2993,"date":"2021-10-03T11:01:35","date_gmt":"2021-10-03T14:01:35","guid":{"rendered":"https:\/\/passionalatable.com.br\/mesaposta\/?post_type=product&#038;p=2993"},"modified":"2021-10-03T11:03:23","modified_gmt":"2021-10-03T14:03:23","slug":"jogo-americano-verde-musgo-moldura","status":"publish","type":"product","link":"https:\/\/passionalatable.com.br\/?product=jogo-americano-verde-musgo-moldura","title":{"rendered":"Jogo americano verde musgo moldura"},"content":{"rendered":"<p><img loading=\"lazy\" decoding=\"async\" class=\"alignnone size-full wp-image-5521\" src=\"https:\/\/passionalatable.com.br\/wp-content\/uploads\/2020\/05\/IMG_0225.jpg\" alt=\"\" width=\"499\" height=\"640\" \/><\/p>\n","protected":false},"excerpt":{"rendered":"<p>Jogo americano bordado em tecido fibra de poli\u00e9ster imperme\u00e1vel n\u00e3o flex\u00edvel com bordado moldura.<\/p>\n<p>Tecido 100 % poli\u00e9ster<\/p>\n<p>N\u00e3o amassar, n\u00e3o dobrar<\/p>\n<p>Instru\u00e7\u00f5es de Lavagem:\u00a0 Lavar com \u00e1gua fria e sab\u00e3o l\u00edquido.N\u00e3o usar alvejantes, n\u00e3o usar\u00a0 m\u00e1quina\u00a0 e secadoras,<\/p>\n","protected":false},"featured_media":3081,"template":"","meta":[],"class_list":{"0":"post-2993","1":"product","2":"type-product","3":"status-publish","4":"has-post-thumbnail","6":"product_cat-jogo-americano","9":"onbackorder","10":"taxable","11":"shipping-taxable","12":"purchasable","13":"product-type-simple"},"_links":{"self":[{"href":"https:\/\/passionalatable.com.br\/index.php?rest_route=\/wp\/v2\/product\/2993","targetHints":{"allow":["GET"]}}],"collection":[{"href":"https:\/\/passionalatable.com.br\/index.php?rest_route=\/wp\/v2\/product"}],"about":[{"href":"https:\/\/passionalatable.com.br\/index.php?rest_route=\/wp\/v2\/types\/product"}],"wp:featuredmedia":[{"embeddable":true,"href":"https:\/\/passionalatable.com.br\/index.php?rest_route=\/wp\/v2\/media\/3081"}],"wp:attachment":[{"href":"https:\/\/passionalatable.com.br\/index.php?rest_route=%2Fwp%2Fv2%2Fmedia&parent=2993"}],"curies":[{"name":"wp","href":"https:\/\/api.w.org\/{rel}","templated":true}]}}