{"id":2992,"date":"2021-10-03T11:01:34","date_gmt":"2021-10-03T14:01:34","guid":{"rendered":"https:\/\/passionalatable.com.br\/mesaposta\/?post_type=product&#038;p=2992"},"modified":"2022-11-23T14:45:17","modified_gmt":"2022-11-23T17:45:17","slug":"jogo-americano-moldura-azul","status":"publish","type":"product","link":"https:\/\/passionalatable.com.br\/?product=jogo-americano-moldura-azul","title":{"rendered":"Jogo americano moldura azul"},"content":{"rendered":"<p><img loading=\"lazy\" decoding=\"async\" class=\"alignnone size-full wp-image-5513\" src=\"https:\/\/passionalatable.com.br\/wp-content\/uploads\/2020\/05\/11a1ef9d-84af-406d-949d-2afaec595f4f.jpg\" alt=\"\" width=\"1016\" height=\"1280\" \/><\/p>\n","protected":false},"excerpt":{"rendered":"<p>Jogo americano bordado em tecido fibra de poli\u00e9ster imperme\u00e1vel n\u00e3o flex\u00edvel com bordado moldura.<\/p>\n<p>Tecido 100 % poli\u00e9ster<\/p>\n<p>N\u00e3o amassar, n\u00e3o dobrar<\/p>\n<p>Instru\u00e7\u00f5es de Lavagem:\u00a0 Lavar com \u00e1gua fria e sab\u00e3o l\u00edquido.N\u00e3o usar alvejantes, n\u00e3o usar\u00a0 m\u00e1quina\u00a0 e secadoras<\/p>\n","protected":false},"featured_media":3079,"template":"","meta":[],"class_list":{"0":"post-2992","1":"product","2":"type-product","3":"status-publish","4":"has-post-thumbnail","6":"product_cat-jogo-americano","9":"onbackorder","10":"taxable","11":"shipping-taxable","12":"purchasable","13":"product-type-simple"},"_links":{"self":[{"href":"https:\/\/passionalatable.com.br\/index.php?rest_route=\/wp\/v2\/product\/2992","targetHints":{"allow":["GET"]}}],"collection":[{"href":"https:\/\/passionalatable.com.br\/index.php?rest_route=\/wp\/v2\/product"}],"about":[{"href":"https:\/\/passionalatable.com.br\/index.php?rest_route=\/wp\/v2\/types\/product"}],"wp:featuredmedia":[{"embeddable":true,"href":"https:\/\/passionalatable.com.br\/index.php?rest_route=\/wp\/v2\/media\/3079"}],"wp:attachment":[{"href":"https:\/\/passionalatable.com.br\/index.php?rest_route=%2Fwp%2Fv2%2Fmedia&parent=2992"}],"curies":[{"name":"wp","href":"https:\/\/api.w.org\/{rel}","templated":true}]}}