{"id":2971,"date":"2021-10-03T11:01:08","date_gmt":"2021-10-03T14:01:08","guid":{"rendered":"https:\/\/passionalatable.com.br\/mesaposta\/?post_type=product&#038;p=2971"},"modified":"2022-11-23T14:41:03","modified_gmt":"2022-11-23T17:41:03","slug":"guardanapo-limao-siciliano","status":"publish","type":"product","link":"https:\/\/passionalatable.com.br\/?product=guardanapo-limao-siciliano","title":{"rendered":"Guardanapo lim\u00e3o siciliano"},"content":{"rendered":"<p><img loading=\"lazy\" decoding=\"async\" class=\"alignnone size-full wp-image-5413\" src=\"https:\/\/passionalatable.com.br\/wp-content\/uploads\/2019\/12\/ce06ef5d-064f-4511-a500-0434a66c2ed6.jpg\" alt=\"\" width=\"960\" height=\"1280\" \/><\/p>\n","protected":false},"excerpt":{"rendered":"<p>Guardanapo de tecido 100 % algod\u00e3o, bordado galho lim\u00e3o siciliano<\/p>\n<p>Instru\u00e7\u00f5es de Lavagem: N\u00e3o usar alvejantes, n\u00e3o recomend\u00e1vel o uso de secadoras, ferro de passar em temperatura m\u00e1xima de 110.<\/p>\n","protected":false},"featured_media":3048,"template":"","meta":[],"class_list":{"0":"post-2971","1":"product","2":"type-product","3":"status-publish","4":"has-post-thumbnail","6":"product_cat-guardanapos","9":"instock","10":"taxable","11":"shipping-taxable","12":"purchasable","13":"product-type-simple"},"_links":{"self":[{"href":"https:\/\/passionalatable.com.br\/index.php?rest_route=\/wp\/v2\/product\/2971","targetHints":{"allow":["GET"]}}],"collection":[{"href":"https:\/\/passionalatable.com.br\/index.php?rest_route=\/wp\/v2\/product"}],"about":[{"href":"https:\/\/passionalatable.com.br\/index.php?rest_route=\/wp\/v2\/types\/product"}],"wp:featuredmedia":[{"embeddable":true,"href":"https:\/\/passionalatable.com.br\/index.php?rest_route=\/wp\/v2\/media\/3048"}],"wp:attachment":[{"href":"https:\/\/passionalatable.com.br\/index.php?rest_route=%2Fwp%2Fv2%2Fmedia&parent=2971"}],"curies":[{"name":"wp","href":"https:\/\/api.w.org\/{rel}","templated":true}]}}