{"id":2969,"date":"2021-10-03T11:01:08","date_gmt":"2021-10-03T14:01:08","guid":{"rendered":"https:\/\/passionalatable.com.br\/mesaposta\/?post_type=product&#038;p=2969"},"modified":"2024-11-28T15:42:15","modified_gmt":"2024-11-28T18:42:15","slug":"conjunto-de-toalhas-lavabo-bordadas-coracao","status":"publish","type":"product","link":"https:\/\/passionalatable.com.br\/?product=conjunto-de-toalhas-lavabo-bordadas-coracao","title":{"rendered":"Conjunto de toalhas  lavabo bordadas cora\u00e7\u00e3o"},"content":{"rendered":"<p><img loading=\"lazy\" decoding=\"async\" class=\"alignnone size-full wp-image-5464\" src=\"https:\/\/passionalatable.com.br\/wp-content\/uploads\/2020\/05\/C828F401-F93B-4BA9-AF24-F12376324203.jpg\" alt=\"\" width=\"640\" height=\"640\" \/><\/p>\n","protected":false},"excerpt":{"rendered":"<p>Conjunto de Toalhas para lavabo com detalhe em linho bordado e acabamento em ponto ajour.<\/p>\n<p>1 toalha de rosto 50 cm x 80 cm e uma de m\u00e3o 33 cm x 50 cm, marca Karsten<\/p>\n<p>Instru\u00e7\u00f5es de Lavagem: N\u00e3o usar alvejantes, n\u00e3o recomend\u00e1vel o uso de secadoras, ferro de passar em temperatura m\u00e1xima de 110.<\/p>\n","protected":false},"featured_media":3043,"template":"","meta":[],"class_list":{"0":"post-2969","1":"product","2":"type-product","3":"status-publish","4":"has-post-thumbnail","6":"product_cat-lavabo","9":"instock","10":"taxable","11":"shipping-taxable","12":"purchasable","13":"product-type-simple"},"_links":{"self":[{"href":"https:\/\/passionalatable.com.br\/index.php?rest_route=\/wp\/v2\/product\/2969","targetHints":{"allow":["GET"]}}],"collection":[{"href":"https:\/\/passionalatable.com.br\/index.php?rest_route=\/wp\/v2\/product"}],"about":[{"href":"https:\/\/passionalatable.com.br\/index.php?rest_route=\/wp\/v2\/types\/product"}],"wp:featuredmedia":[{"embeddable":true,"href":"https:\/\/passionalatable.com.br\/index.php?rest_route=\/wp\/v2\/media\/3043"}],"wp:attachment":[{"href":"https:\/\/passionalatable.com.br\/index.php?rest_route=%2Fwp%2Fv2%2Fmedia&parent=2969"}],"curies":[{"name":"wp","href":"https:\/\/api.w.org\/{rel}","templated":true}]}}