{"id":2949,"date":"2021-10-03T11:00:45","date_gmt":"2021-10-03T14:00:45","guid":{"rendered":"https:\/\/passionalatable.com.br\/mesaposta\/?post_type=product&#038;p=2949"},"modified":"2022-11-23T14:41:28","modified_gmt":"2022-11-23T17:41:28","slug":"guardanapos-bordado-olho-grego","status":"publish","type":"product","link":"https:\/\/passionalatable.com.br\/?product=guardanapos-bordado-olho-grego","title":{"rendered":"Guardanapos bordado olho grego"},"content":{"rendered":"<p><img loading=\"lazy\" decoding=\"async\" class=\"alignnone size-full wp-image-5419\" src=\"https:\/\/passionalatable.com.br\/wp-content\/uploads\/2019\/12\/14e117ba-8d49-4d1e-86c6-bdfd9af8214c.jpg\" alt=\"\" width=\"960\" height=\"1280\" \/><\/p>\n","protected":false},"excerpt":{"rendered":"<p>Guardanapos em tecido 100 % algod\u00e3o, bordado com acabamento em ponto ajour.<\/p>\n<p>dimens\u00f5es: 45 cm x 45 cm<\/p>\n<p>Instru\u00e7\u00f5es de Lavagem: N\u00e3o usar alvejantes, n\u00e3o recomend\u00e1vel o uso de secadoras, ferro de passar em temperatura m\u00e1xima de 110.<\/p>\n","protected":false},"featured_media":3026,"template":"","meta":[],"class_list":{"0":"post-2949","1":"product","2":"type-product","3":"status-publish","4":"has-post-thumbnail","6":"product_cat-guardanapos","9":"instock","10":"taxable","11":"shipping-taxable","12":"purchasable","13":"product-type-simple"},"_links":{"self":[{"href":"https:\/\/passionalatable.com.br\/index.php?rest_route=\/wp\/v2\/product\/2949","targetHints":{"allow":["GET"]}}],"collection":[{"href":"https:\/\/passionalatable.com.br\/index.php?rest_route=\/wp\/v2\/product"}],"about":[{"href":"https:\/\/passionalatable.com.br\/index.php?rest_route=\/wp\/v2\/types\/product"}],"wp:featuredmedia":[{"embeddable":true,"href":"https:\/\/passionalatable.com.br\/index.php?rest_route=\/wp\/v2\/media\/3026"}],"wp:attachment":[{"href":"https:\/\/passionalatable.com.br\/index.php?rest_route=%2Fwp%2Fv2%2Fmedia&parent=2949"}],"curies":[{"name":"wp","href":"https:\/\/api.w.org\/{rel}","templated":true}]}}