{"id":2947,"date":"2021-10-03T11:00:45","date_gmt":"2021-10-03T14:00:45","guid":{"rendered":"https:\/\/passionalatable.com.br\/mesaposta\/?post_type=product&#038;p=2947"},"modified":"2022-06-15T10:53:29","modified_gmt":"2022-06-15T13:53:29","slug":"jogo-americano-bordado-pink","status":"publish","type":"product","link":"https:\/\/passionalatable.com.br\/?product=jogo-americano-bordado-pink","title":{"rendered":"Jogo americano bordado pink"},"content":{"rendered":"<p><img loading=\"lazy\" decoding=\"async\" class=\"alignnone size-full wp-image-5403\" src=\"https:\/\/passionalatable.com.br\/wp-content\/uploads\/2019\/12\/f7619f46-45a2-43fc-a6f2-a4ee0b08799c.jpg\" alt=\"\" width=\"960\" height=\"1280\" \/><\/p>\n","protected":false},"excerpt":{"rendered":"<p>Jogo americano em tecido algod\u00e3o, tipo linh\u00e3o, acabamento bordado.<\/p>\n<p>Dimens\u00f5es: 36 cm x 48 cm<\/p>\n<p>Preferencialmente lavar \u00e0 m\u00e3o, n\u00e3o usar alvejantes e altas temperaturas<\/p>\n","protected":false},"featured_media":3023,"template":"","meta":[],"class_list":{"0":"post-2947","1":"product","2":"type-product","3":"status-publish","4":"has-post-thumbnail","6":"product_cat-jogo-americano","9":"onbackorder","10":"taxable","11":"shipping-taxable","12":"purchasable","13":"product-type-simple"},"_links":{"self":[{"href":"https:\/\/passionalatable.com.br\/index.php?rest_route=\/wp\/v2\/product\/2947","targetHints":{"allow":["GET"]}}],"collection":[{"href":"https:\/\/passionalatable.com.br\/index.php?rest_route=\/wp\/v2\/product"}],"about":[{"href":"https:\/\/passionalatable.com.br\/index.php?rest_route=\/wp\/v2\/types\/product"}],"wp:featuredmedia":[{"embeddable":true,"href":"https:\/\/passionalatable.com.br\/index.php?rest_route=\/wp\/v2\/media\/3023"}],"wp:attachment":[{"href":"https:\/\/passionalatable.com.br\/index.php?rest_route=%2Fwp%2Fv2%2Fmedia&parent=2947"}],"curies":[{"name":"wp","href":"https:\/\/api.w.org\/{rel}","templated":true}]}}