{"id":2943,"date":"2021-10-03T11:00:45","date_gmt":"2021-10-03T14:00:45","guid":{"rendered":"https:\/\/passionalatable.com.br\/mesaposta\/?post_type=product&#038;p=2943"},"modified":"2022-11-23T14:45:56","modified_gmt":"2022-11-23T17:45:56","slug":"jogo-americano-redondo-folha-verde","status":"publish","type":"product","link":"https:\/\/passionalatable.com.br\/?product=jogo-americano-redondo-folha-verde","title":{"rendered":"Jogo americano redondo folha verde"},"content":{"rendered":"<p><img loading=\"lazy\" decoding=\"async\" class=\"alignnone size-full wp-image-5393\" src=\"https:\/\/passionalatable.com.br\/wp-content\/uploads\/2019\/12\/IMG_8059.jpg\" alt=\"\" width=\"480\" height=\"640\" \/><\/p>\n","protected":false},"excerpt":{"rendered":"<p>Lugar americano bordado\u00a0 em fibra de poli\u00e9ster 100 % imperme\u00e1vel, redondo.<\/p>\n<p>Di\u00e2metro: 40 cm<\/p>\n<p>N\u00e3o lavar na m\u00e1quina , n\u00e3o usar secadora, usar sab\u00e3o neutro.<\/p>\n","protected":false},"featured_media":3015,"template":"","meta":[],"class_list":{"0":"post-2943","1":"product","2":"type-product","3":"status-publish","4":"has-post-thumbnail","6":"product_cat-jogo-americano","9":"onbackorder","10":"taxable","11":"shipping-taxable","12":"purchasable","13":"product-type-simple"},"_links":{"self":[{"href":"https:\/\/passionalatable.com.br\/index.php?rest_route=\/wp\/v2\/product\/2943","targetHints":{"allow":["GET"]}}],"collection":[{"href":"https:\/\/passionalatable.com.br\/index.php?rest_route=\/wp\/v2\/product"}],"about":[{"href":"https:\/\/passionalatable.com.br\/index.php?rest_route=\/wp\/v2\/types\/product"}],"wp:featuredmedia":[{"embeddable":true,"href":"https:\/\/passionalatable.com.br\/index.php?rest_route=\/wp\/v2\/media\/3015"}],"wp:attachment":[{"href":"https:\/\/passionalatable.com.br\/index.php?rest_route=%2Fwp%2Fv2%2Fmedia&parent=2943"}],"curies":[{"name":"wp","href":"https:\/\/api.w.org\/{rel}","templated":true}]}}