{"id":2861,"date":"2021-10-03T10:58:40","date_gmt":"2021-10-03T13:58:40","guid":{"rendered":"https:\/\/passionalatable.com.br\/mesaposta\/?post_type=product&#038;p=2861"},"modified":"2023-11-29T19:32:03","modified_gmt":"2023-11-29T22:32:03","slug":"jogo-americano-croche-missoni","status":"publish","type":"product","link":"https:\/\/passionalatable.com.br\/?product=jogo-americano-croche-missoni","title":{"rendered":"Jogo americano croch\u00ea missoni"},"content":{"rendered":"<p><img loading=\"lazy\" decoding=\"async\" class=\"alignnone size-full wp-image-5275\" src=\"https:\/\/passionalatable.com.br\/wp-content\/uploads\/2019\/02\/IMG_3655.jpg\" alt=\"\" width=\"640\" height=\"640\" \/><\/p>\n","protected":false},"excerpt":{"rendered":"<p>Jogo americano de croch\u00ea, inspira\u00e7\u00e3o missoni.<\/p>\n<p>Material: Linha 100 % algod\u00e3o<\/p>\n<p>Medidas: 32,5 cm x 41 cm<\/p>\n","protected":false},"featured_media":2933,"template":"","meta":[],"class_list":{"0":"post-2861","1":"product","2":"type-product","3":"status-publish","4":"has-post-thumbnail","6":"product_cat-jogo-americano","9":"onbackorder","10":"taxable","11":"shipping-taxable","12":"purchasable","13":"product-type-simple"},"_links":{"self":[{"href":"https:\/\/passionalatable.com.br\/index.php?rest_route=\/wp\/v2\/product\/2861","targetHints":{"allow":["GET"]}}],"collection":[{"href":"https:\/\/passionalatable.com.br\/index.php?rest_route=\/wp\/v2\/product"}],"about":[{"href":"https:\/\/passionalatable.com.br\/index.php?rest_route=\/wp\/v2\/types\/product"}],"wp:featuredmedia":[{"embeddable":true,"href":"https:\/\/passionalatable.com.br\/index.php?rest_route=\/wp\/v2\/media\/2933"}],"wp:attachment":[{"href":"https:\/\/passionalatable.com.br\/index.php?rest_route=%2Fwp%2Fv2%2Fmedia&parent=2861"}],"curies":[{"name":"wp","href":"https:\/\/api.w.org\/{rel}","templated":true}]}}