{"id":2799,"date":"2021-10-03T10:55:33","date_gmt":"2021-10-03T13:55:33","guid":{"rendered":"https:\/\/passionalatable.com.br\/mesaposta\/?post_type=product&#038;p=2799"},"modified":"2024-11-28T15:44:52","modified_gmt":"2024-11-28T18:44:52","slug":"conjunto-de-toalhas-de-lavabo-ramalhete-azul","status":"publish","type":"product","link":"https:\/\/passionalatable.com.br\/?product=conjunto-de-toalhas-de-lavabo-ramalhete-azul","title":{"rendered":"Conjunto de toalhas de lavabo ramalhete azul"},"content":{"rendered":"<p><img loading=\"lazy\" decoding=\"async\" class=\"alignnone size-full wp-image-5108\" src=\"https:\/\/passionalatable.com.br\/wp-content\/uploads\/2018\/11\/toalhas.jpg\" alt=\"\" width=\"480\" height=\"640\" \/><\/p>\n","protected":false},"excerpt":{"rendered":"<p>Conjunto de Toalhas para lavabo com detalhe em linho bordado e acabamento em ponto ajour.<\/p>\n<p>1 toalha de rosto 50 cm x 80 cm e uma de m\u00e3o 33 cm x 50 cm, marca Karsten<\/p>\n<p>Instru\u00e7\u00f5es de Lavagem: N\u00e3o usar alvejantes, n\u00e3o recomend\u00e1vel o uso de secadoras, ferro de passar em temperatura m\u00e1xima de 110.<\/p>\n","protected":false},"featured_media":2837,"template":"","meta":[],"class_list":{"0":"post-2799","1":"product","2":"type-product","3":"status-publish","4":"has-post-thumbnail","6":"product_cat-lavabo","9":"instock","10":"taxable","11":"shipping-taxable","12":"purchasable","13":"product-type-simple"},"_links":{"self":[{"href":"https:\/\/passionalatable.com.br\/index.php?rest_route=\/wp\/v2\/product\/2799","targetHints":{"allow":["GET"]}}],"collection":[{"href":"https:\/\/passionalatable.com.br\/index.php?rest_route=\/wp\/v2\/product"}],"about":[{"href":"https:\/\/passionalatable.com.br\/index.php?rest_route=\/wp\/v2\/types\/product"}],"wp:featuredmedia":[{"embeddable":true,"href":"https:\/\/passionalatable.com.br\/index.php?rest_route=\/wp\/v2\/media\/2837"}],"wp:attachment":[{"href":"https:\/\/passionalatable.com.br\/index.php?rest_route=%2Fwp%2Fv2%2Fmedia&parent=2799"}],"curies":[{"name":"wp","href":"https:\/\/api.w.org\/{rel}","templated":true}]}}