{"id":2794,"date":"2021-10-03T10:55:33","date_gmt":"2021-10-03T13:55:33","guid":{"rendered":"https:\/\/passionalatable.com.br\/mesaposta\/?post_type=product&#038;p=2794"},"modified":"2021-10-03T10:55:39","modified_gmt":"2021-10-03T13:55:39","slug":"guardanapo-de-linho-bordado-costela-de-adao","status":"publish","type":"product","link":"https:\/\/passionalatable.com.br\/?product=guardanapo-de-linho-bordado-costela-de-adao","title":{"rendered":"Guardanapo de linho bordado costela de Ad\u00e3o"},"content":{"rendered":"<p><img loading=\"lazy\" decoding=\"async\" class=\"alignnone size-full wp-image-5098\" src=\"https:\/\/passionalatable.com.br\/wp-content\/uploads\/2018\/11\/guardanapo2.jpg\" alt=\"\" width=\"480\" height=\"640\" \/><\/p>\n","protected":false},"excerpt":{"rendered":"<p>Guardanapo em linho, na cor branca, com barra de 2 cm, com acabamento em ponto ajour<br \/>\nComposi\u00e7\u00e3o do Tecido: 100% Linho<br \/>\nMedidas: 45 cm x 45 cm<\/p>\n<p>Instru\u00e7\u00f5es de Lavagem: N\u00e3o usar alvejantes, n\u00e3o recomend\u00e1vel o uso de secadoras, ferro de passar em temperatura m\u00e1xima de 110<\/p>\n","protected":false},"featured_media":2823,"template":"","meta":[],"class_list":{"0":"post-2794","1":"product","2":"type-product","3":"status-publish","4":"has-post-thumbnail","6":"product_cat-guardanapos","9":"onbackorder","10":"taxable","11":"shipping-taxable","12":"purchasable","13":"product-type-simple"},"_links":{"self":[{"href":"https:\/\/passionalatable.com.br\/index.php?rest_route=\/wp\/v2\/product\/2794","targetHints":{"allow":["GET"]}}],"collection":[{"href":"https:\/\/passionalatable.com.br\/index.php?rest_route=\/wp\/v2\/product"}],"about":[{"href":"https:\/\/passionalatable.com.br\/index.php?rest_route=\/wp\/v2\/types\/product"}],"wp:featuredmedia":[{"embeddable":true,"href":"https:\/\/passionalatable.com.br\/index.php?rest_route=\/wp\/v2\/media\/2823"}],"wp:attachment":[{"href":"https:\/\/passionalatable.com.br\/index.php?rest_route=%2Fwp%2Fv2%2Fmedia&parent=2794"}],"curies":[{"name":"wp","href":"https:\/\/api.w.org\/{rel}","templated":true}]}}