{"id":2792,"date":"2021-10-03T10:55:33","date_gmt":"2021-10-03T13:55:33","guid":{"rendered":"https:\/\/passionalatable.com.br\/mesaposta\/?post_type=product&#038;p=2792"},"modified":"2021-10-03T10:55:35","modified_gmt":"2021-10-03T13:55:35","slug":"guardanapo-de-gaze-de-linho-off-white","status":"publish","type":"product","link":"https:\/\/passionalatable.com.br\/?product=guardanapo-de-gaze-de-linho-off-white","title":{"rendered":"Guardanapo de gaze de linho off white"},"content":{"rendered":"<p>Guardanapo em gaze de linho, na cor off white, com barra de 4cm, com acabamento em ponto ajour<\/p>\n<p>Medidas: 50 cm x 50 cm<br \/>\nComposi\u00e7\u00e3o do Tecido: Poliester 50% &#8211; Viscose 30% &#8211; Linho 20%<\/p>\n<p>Instru\u00e7\u00f5es de Lavagem: N\u00e3o usar alvejantes, n\u00e3o recomend\u00e1vel o uso de secadoras, ferro de passar em temperatura m\u00e1xima de 110.<\/p>\n","protected":false},"excerpt":{"rendered":"<p>Guardanapo em gaze de linho, na cor off white, com barra de 4cm, com acabamento em ponto ajour Medidas: 50 cm x 50 cm Composi\u00e7\u00e3o do Tecido: Poliester 50% &#8211; Viscose 30% &#8211; Linho 20% Instru\u00e7\u00f5es de Lavagem: N\u00e3o usar alvejantes, n\u00e3o recomend\u00e1vel o uso de secadoras, ferro de passar em temperatura m\u00e1xima de 110.<\/p>\n","protected":false},"featured_media":2821,"template":"","meta":[],"class_list":{"0":"post-2792","1":"product","2":"type-product","3":"status-publish","4":"has-post-thumbnail","6":"product_cat-guardanapos","9":"instock","10":"taxable","11":"shipping-taxable","12":"purchasable","13":"product-type-simple"},"_links":{"self":[{"href":"https:\/\/passionalatable.com.br\/index.php?rest_route=\/wp\/v2\/product\/2792","targetHints":{"allow":["GET"]}}],"collection":[{"href":"https:\/\/passionalatable.com.br\/index.php?rest_route=\/wp\/v2\/product"}],"about":[{"href":"https:\/\/passionalatable.com.br\/index.php?rest_route=\/wp\/v2\/types\/product"}],"wp:featuredmedia":[{"embeddable":true,"href":"https:\/\/passionalatable.com.br\/index.php?rest_route=\/wp\/v2\/media\/2821"}],"wp:attachment":[{"href":"https:\/\/passionalatable.com.br\/index.php?rest_route=%2Fwp%2Fv2%2Fmedia&parent=2792"}],"curies":[{"name":"wp","href":"https:\/\/api.w.org\/{rel}","templated":true}]}}